{"id":3552,"date":"2025-03-25T13:59:40","date_gmt":"2025-03-25T12:59:40","guid":{"rendered":"https:\/\/business.aponea.com\/full-customer-overview\/"},"modified":"2026-04-07T22:49:29","modified_gmt":"2026-04-07T20:49:29","slug":"dokonaly-prehlad-o-zakaznikoch","status":"publish","type":"page","link":"https:\/\/business.aponea.com\/sk\/dokonaly-prehlad-o-zakaznikoch\/","title":{"rendered":"Kompletn\u00fd preh\u013ead o z\u00e1kazn\u00edkoch"},"content":{"rendered":"","protected":false},"excerpt":{"rendered":"","protected":false},"author":1,"featured_media":3202,"parent":0,"menu_order":0,"comment_status":"closed","ping_status":"closed","template":"","meta":{"footnotes":""},"class_list":["post-3552","page","type-page","status-publish","has-post-thumbnail","hentry"],"_links":{"self":[{"href":"https:\/\/business.aponea.com\/sk\/wp-json\/wp\/v2\/pages\/3552","targetHints":{"allow":["GET"]}}],"collection":[{"href":"https:\/\/business.aponea.com\/sk\/wp-json\/wp\/v2\/pages"}],"about":[{"href":"https:\/\/business.aponea.com\/sk\/wp-json\/wp\/v2\/types\/page"}],"author":[{"embeddable":true,"href":"https:\/\/business.aponea.com\/sk\/wp-json\/wp\/v2\/users\/1"}],"replies":[{"embeddable":true,"href":"https:\/\/business.aponea.com\/sk\/wp-json\/wp\/v2\/comments?post=3552"}],"version-history":[{"count":32,"href":"https:\/\/business.aponea.com\/sk\/wp-json\/wp\/v2\/pages\/3552\/revisions"}],"predecessor-version":[{"id":4971,"href":"https:\/\/business.aponea.com\/sk\/wp-json\/wp\/v2\/pages\/3552\/revisions\/4971"}],"wp:featuredmedia":[{"embeddable":true,"href":"https:\/\/business.aponea.com\/sk\/wp-json\/wp\/v2\/media\/3202"}],"wp:attachment":[{"href":"https:\/\/business.aponea.com\/sk\/wp-json\/wp\/v2\/media?parent=3552"}],"curies":[{"name":"wp","href":"https:\/\/api.w.org\/{rel}","templated":true}]}}