{"id":3264,"date":"2025-03-25T13:59:06","date_gmt":"2025-03-25T12:59:06","guid":{"rendered":"https:\/\/business.aponea.com\/events\/"},"modified":"2026-04-07T22:19:03","modified_gmt":"2026-04-07T20:19:03","slug":"sprava-lekcii-kurzov-a-udalosti","status":"publish","type":"page","link":"https:\/\/business.aponea.com\/sk\/sprava-lekcii-kurzov-a-udalosti\/","title":{"rendered":"Spr\u00e1va lekci\u00ed kurzov a udalost\u00ed"},"content":{"rendered":"","protected":false},"excerpt":{"rendered":"","protected":false},"author":3,"featured_media":3130,"parent":0,"menu_order":0,"comment_status":"closed","ping_status":"closed","template":"","meta":{"footnotes":""},"class_list":["post-3264","page","type-page","status-publish","has-post-thumbnail","hentry"],"_links":{"self":[{"href":"https:\/\/business.aponea.com\/sk\/wp-json\/wp\/v2\/pages\/3264","targetHints":{"allow":["GET"]}}],"collection":[{"href":"https:\/\/business.aponea.com\/sk\/wp-json\/wp\/v2\/pages"}],"about":[{"href":"https:\/\/business.aponea.com\/sk\/wp-json\/wp\/v2\/types\/page"}],"author":[{"embeddable":true,"href":"https:\/\/business.aponea.com\/sk\/wp-json\/wp\/v2\/users\/3"}],"replies":[{"embeddable":true,"href":"https:\/\/business.aponea.com\/sk\/wp-json\/wp\/v2\/comments?post=3264"}],"version-history":[{"count":23,"href":"https:\/\/business.aponea.com\/sk\/wp-json\/wp\/v2\/pages\/3264\/revisions"}],"predecessor-version":[{"id":4962,"href":"https:\/\/business.aponea.com\/sk\/wp-json\/wp\/v2\/pages\/3264\/revisions\/4962"}],"wp:featuredmedia":[{"embeddable":true,"href":"https:\/\/business.aponea.com\/sk\/wp-json\/wp\/v2\/media\/3130"}],"wp:attachment":[{"href":"https:\/\/business.aponea.com\/sk\/wp-json\/wp\/v2\/media?parent=3264"}],"curies":[{"name":"wp","href":"https:\/\/api.w.org\/{rel}","templated":true}]}}