{"id":3569,"date":"2025-03-25T13:59:40","date_gmt":"2025-03-25T12:59:40","guid":{"rendered":"https:\/\/business.aponea.com\/full-customer-overview\/"},"modified":"2025-10-06T19:16:34","modified_gmt":"2025-10-06T17:16:34","slug":"full-customer-overview","status":"publish","type":"page","link":"https:\/\/business.aponea.com\/cs\/full-customer-overview\/","title":{"rendered":"Kompletn\u00ed p\u0159ehled z\u00e1kazn\u00edk\u016f"},"content":{"rendered":"","protected":false},"excerpt":{"rendered":"","protected":false},"author":1,"featured_media":0,"parent":0,"menu_order":0,"comment_status":"closed","ping_status":"closed","template":"","meta":{"footnotes":""},"class_list":["post-3569","page","type-page","status-publish","hentry"],"_links":{"self":[{"href":"https:\/\/business.aponea.com\/cs\/wp-json\/wp\/v2\/pages\/3569","targetHints":{"allow":["GET"]}}],"collection":[{"href":"https:\/\/business.aponea.com\/cs\/wp-json\/wp\/v2\/pages"}],"about":[{"href":"https:\/\/business.aponea.com\/cs\/wp-json\/wp\/v2\/types\/page"}],"author":[{"embeddable":true,"href":"https:\/\/business.aponea.com\/cs\/wp-json\/wp\/v2\/users\/1"}],"replies":[{"embeddable":true,"href":"https:\/\/business.aponea.com\/cs\/wp-json\/wp\/v2\/comments?post=3569"}],"version-history":[{"count":4,"href":"https:\/\/business.aponea.com\/cs\/wp-json\/wp\/v2\/pages\/3569\/revisions"}],"predecessor-version":[{"id":4252,"href":"https:\/\/business.aponea.com\/cs\/wp-json\/wp\/v2\/pages\/3569\/revisions\/4252"}],"wp:attachment":[{"href":"https:\/\/business.aponea.com\/cs\/wp-json\/wp\/v2\/media?parent=3569"}],"curies":[{"name":"wp","href":"https:\/\/api.w.org\/{rel}","templated":true}]}}