{"id":2824,"date":"2025-03-31T07:26:15","date_gmt":"2025-03-31T05:26:15","guid":{"rendered":"https:\/\/business.aponea.com\/download-our-apps\/"},"modified":"2026-02-18T00:51:26","modified_gmt":"2026-02-17T23:51:26","slug":"download-our-apps","status":"publish","type":"page","link":"https:\/\/business.aponea.com\/cs\/download-our-apps\/","title":{"rendered":"St\u00e1hn\u011bte si na\u0161e aplikace"},"content":{"rendered":"","protected":false},"excerpt":{"rendered":"","protected":false},"author":1,"featured_media":0,"parent":0,"menu_order":0,"comment_status":"closed","ping_status":"closed","template":"","meta":{"footnotes":""},"class_list":["post-2824","page","type-page","status-publish","hentry"],"_links":{"self":[{"href":"https:\/\/business.aponea.com\/cs\/wp-json\/wp\/v2\/pages\/2824","targetHints":{"allow":["GET"]}}],"collection":[{"href":"https:\/\/business.aponea.com\/cs\/wp-json\/wp\/v2\/pages"}],"about":[{"href":"https:\/\/business.aponea.com\/cs\/wp-json\/wp\/v2\/types\/page"}],"author":[{"embeddable":true,"href":"https:\/\/business.aponea.com\/cs\/wp-json\/wp\/v2\/users\/1"}],"replies":[{"embeddable":true,"href":"https:\/\/business.aponea.com\/cs\/wp-json\/wp\/v2\/comments?post=2824"}],"version-history":[{"count":1,"href":"https:\/\/business.aponea.com\/cs\/wp-json\/wp\/v2\/pages\/2824\/revisions"}],"predecessor-version":[{"id":4848,"href":"https:\/\/business.aponea.com\/cs\/wp-json\/wp\/v2\/pages\/2824\/revisions\/4848"}],"wp:attachment":[{"href":"https:\/\/business.aponea.com\/cs\/wp-json\/wp\/v2\/media?parent=2824"}],"curies":[{"name":"wp","href":"https:\/\/api.w.org\/{rel}","templated":true}]}}